{"id":378,"date":"2024-07-18T19:25:18","date_gmt":"2024-07-18T17:25:18","guid":{"rendered":"https:\/\/lernpartnerboerse.hoc.kit.edu\/?page_id=378"},"modified":"2024-07-18T19:25:18","modified_gmt":"2024-07-18T17:25:18","slug":"impressum","status":"publish","type":"page","link":"https:\/\/lernpartnerboerse.hoc.kit.edu\/?page_id=378","title":{"rendered":"IMPRESSUM"},"content":{"rendered":"\n<h2 class=\"wp-block-heading\">A<a>nbieter<\/a><\/h2>\n\n\n\n<p>Diensteanbieter im Sinne von \u00a75 Digitale Dienste Gesetz (DDG) und \u00a718 Abs. 2 Medienstaatsvertrag (MStV):<\/p>\n\n\n\n<figure class=\"wp-block-table\"><table class=\"has-fixed-layout\"><tbody><tr><td>Rechtlicher Sitz:<\/td><td>Karlsruher Institut f\u00fcr Technologie<br>Kaiserstra\u00dfe 12<br>76131 Karlsruhe<br>Deutschland<br>Tel.: +49 721 608-0<br>Fax: +49 721 608-44290<br>E-Mail: <a href=\"mailto:info@kit.edu\">info@kit.edu<\/a><\/td><\/tr><tr><td>Rechtsform:<\/td><td>K\u00f6rperschaft des \u00f6ffentlichen Rechts<\/td><\/tr><tr><td>Vertretungsberechtigt:<\/td><td>Prof. Dr. Oliver Kraft (in Vertretung des Pr\u00e4sidenten des KIT)<\/td><\/tr><tr><td>Umsatzsteueridentifikationsnummer:<\/td><td>DE266749428<\/td><\/tr><\/tbody><\/table><\/figure>\n\n\n\n<h2 class=\"wp-block-heading\"><a>Copyright<\/a><\/h2>\n\n\n\n<p>F\u00fcr die Internet-Seiten des Karlsruher Instituts f\u00fcr Technologie liegen Copyright und alle weiteren Rechte beim Karlsruher Institut f\u00fcr Technologie, Kaiserstra\u00dfe 12, 76131 Karlsruhe, Deutschland. Weiterverbreitung, auch in Ausz\u00fcgen, f\u00fcr p\u00e4dagogische, wissenschaftliche oder private Zwecke ist unter Angabe der Quelle gestattet (sofern nicht anders an der entsprechenden Stelle ausdr\u00fccklich angegeben). Eine Verwendung im gewerblichen Bereich bedarf der Genehmigung durch das Karlsruher Institut f\u00fcr Technologie. Ansprechpartner ist die <a href=\"mailto:info@kit.edu\" target=\"_blank\" rel=\"noreferrer noopener\">Dienstleistungseinheit Stab und Strategie<\/a>.<\/p>\n\n\n\n<h2 class=\"wp-block-heading\"><a>Haftung<\/a><\/h2>\n\n\n\n<p>Diese Internetseiten dienen lediglich der Information. Ihr Inhalt wurde mit geb\u00fchrender Sorgfalt zusammengestellt. Das Karlsruher Institut f\u00fcr Technologie \u00fcbernimmt aber keine Garantie, weder ausdr\u00fccklich noch implizit, f\u00fcr die Art oder Richtigkeit des dargebotenen Materials und \u00fcbernimmt keine Haftung (einschlie\u00dflich Haftung f\u00fcr indirekten Verlust oder Gewinn- oder Umsatzverluste) bez\u00fcglich des Materials bzw. der Nutzung dieses Materials. Sollten Inhalte von Web-Seiten des Karlsruher Instituts f\u00fcr Technologie gegen geltende Rechtsvorschriften versto\u00dfen, dann bitten wir um umgehende Benachrichtigung. Wir werden die Seite oder den betreffenden Inhalt dann schnellstm\u00f6glich entfernen.<\/p>\n\n\n\n<h2 class=\"wp-block-heading\"><a>Verweise auf externe Web-Seiten<\/a><\/h2>\n\n\n\n<p>Die Web-Seiten des Karlsruher Instituts f\u00fcr Technologie enthalten Verweise (Links) zu Informationsangeboten auf Servern, die nicht der Kontrolle und Verantwortlichkeit des Karlsruher Instituts f\u00fcr Technologie unterliegen. Das Karlsruher Institut f\u00fcr Technologie \u00fcbernimmt keine Verantwortung und keine Garantie f\u00fcr diese Informationen und billigt oder unterst\u00fctzt diese auch nicht inhaltlich.<\/p>\n\n\n\n<h2 class=\"wp-block-heading\"><a>Datenschutz und IT-Sicherheit<\/a><\/h2>\n\n\n\n<p>Hinweise zum Datenschutz finden Sie in unserer Datenschutzerkl\u00e4rung.<\/p>\n\n\n\n<p>Sollten Sie weitere Fragen zu unseren Datenschutz-Standards haben, wenden Sie sich bitte an unseren <a href=\"mailto:datenschutzbeauftragter@kit.edu\" target=\"_blank\" rel=\"noreferrer noopener\">Datenschutzbeauftragten<\/a>. M\u00f6chten Sie sich \u00fcber die Konzepte und technische Realisierung unserer IT-Sicherheit informieren, wenden Sie sich bitte an unseren <a href=\"mailto:informationssicherheitsbeauftragter@kit.edu\" target=\"_blank\" rel=\"noreferrer noopener\">Informationssicherheitsbeauftragten<\/a>.<\/p>\n","protected":false},"excerpt":{"rendered":"<p>Anbieter Diensteanbieter im Sinne von \u00a75 Digitale Dienste Gesetz (DDG) und \u00a718 Abs. 2 Medienstaatsvertrag (MStV): Rechtlicher Sitz: Karlsruher Institut f\u00fcr TechnologieKaiserstra\u00dfe 1276131 KarlsruheDeutschlandTel.: +49 721 608-0Fax: +49 721 608-44290E-Mail: info@kit.edu Rechtsform: K\u00f6rperschaft des \u00f6ffentlichen Rechts Vertretungsberechtigt: Prof. Dr. Oliver Kraft (in Vertretung des Pr\u00e4sidenten des KIT) Umsatzsteueridentifikationsnummer: DE266749428 Copyright F\u00fcr die Internet-Seiten des Karlsruher [&hellip;]<\/p>\n","protected":false},"author":1,"featured_media":0,"parent":0,"menu_order":0,"comment_status":"closed","ping_status":"closed","template":"","meta":{"footnotes":""},"class_list":["post-378","page","type-page","status-publish","hentry"],"_links":{"self":[{"href":"https:\/\/lernpartnerboerse.hoc.kit.edu\/index.php?rest_route=\/wp\/v2\/pages\/378","targetHints":{"allow":["GET"]}}],"collection":[{"href":"https:\/\/lernpartnerboerse.hoc.kit.edu\/index.php?rest_route=\/wp\/v2\/pages"}],"about":[{"href":"https:\/\/lernpartnerboerse.hoc.kit.edu\/index.php?rest_route=\/wp\/v2\/types\/page"}],"author":[{"embeddable":true,"href":"https:\/\/lernpartnerboerse.hoc.kit.edu\/index.php?rest_route=\/wp\/v2\/users\/1"}],"replies":[{"embeddable":true,"href":"https:\/\/lernpartnerboerse.hoc.kit.edu\/index.php?rest_route=%2Fwp%2Fv2%2Fcomments&post=378"}],"version-history":[{"count":1,"href":"https:\/\/lernpartnerboerse.hoc.kit.edu\/index.php?rest_route=\/wp\/v2\/pages\/378\/revisions"}],"predecessor-version":[{"id":379,"href":"https:\/\/lernpartnerboerse.hoc.kit.edu\/index.php?rest_route=\/wp\/v2\/pages\/378\/revisions\/379"}],"wp:attachment":[{"href":"https:\/\/lernpartnerboerse.hoc.kit.edu\/index.php?rest_route=%2Fwp%2Fv2%2Fmedia&parent=378"}],"curies":[{"name":"wp","href":"https:\/\/api.w.org\/{rel}","templated":true}]}}